{"id":49,"date":"2022-02-22T02:22:39","date_gmt":"2022-02-22T02:22:39","guid":{"rendered":"https:\/\/corporativofenix.net\/agenciaaduanal\/?page_id=49"},"modified":"2022-02-22T03:45:05","modified_gmt":"2022-02-22T03:45:05","slug":"oficinas","status":"publish","type":"page","link":"https:\/\/corporativofenix.net\/agenciaaduanal\/oficinas\/","title":{"rendered":"Oficinas"},"content":{"rendered":"<div id=\"pl-49\"  class=\"panel-layout\" ><div id=\"pg-49-0\"  class=\"panel-grid panel-no-style\" ><div id=\"pgc-49-0-0\"  class=\"panel-grid-cell\" ><div id=\"panel-49-0-0-0\" class=\"so-panel widget widget_sow-editor panel-first-child panel-last-child\" data-index=\"0\" ><div\n\t\t\t\n\t\t\tclass=\"so-widget-sow-editor so-widget-sow-editor-base\"\n\t\t\t\n\t\t>\n<div class=\"siteorigin-widget-tinymce textwidget\">\n\t<p>Nuestras oficinas ofrecen diferentes servicios especializados, de acuerdo a\u00a0las necesidades de nuestros clientes.<\/p>\n<p>Estas oficinas cuentan con el equipo y soporte t\u00e9cnico necesarios, para estar en continua comunicaci\u00f3n con las diferentes asociaciones de Agentes Aduanales del pa\u00eds, lo que nos permite dar a conocer a nuestros clientes de manera inmediata las actualizaciones en materia de comercio exterior que vayan surgiendo.<\/p>\n<\/div>\n<\/div><\/div><\/div><\/div><div id=\"pg-49-1\"  class=\"panel-grid panel-no-style\" ><div id=\"pgc-49-1-0\"  class=\"panel-grid-cell\" ><div id=\"panel-49-1-0-0\" class=\"so-panel widget widget_sow-editor panel-first-child panel-last-child\" data-index=\"1\" ><div\n\t\t\t\n\t\t\tclass=\"so-widget-sow-editor so-widget-sow-editor-base\"\n\t\t\t\n\t\t><h3 class=\"widget-title\"><span class=\"widget-title__inline\">Tenemos presencia en:<\/span><\/h3>\n<div class=\"siteorigin-widget-tinymce textwidget\">\n\t<br \/>\n<style type=\"text\/css\">\n.listatiempos li:before { color:#ffab00; content:\"F\"; font-weight: bold; font-style: italic; font-size: larger; padding-right: 10px; }\n.listatiempos ul { list-style-type: none; }\n.listatiempos li {\n    color: #333333;\n    font-size: 0.875rem;\n    font-weight: bold;\n    font-family: \"Roboto\", Helvetica, Arial, sans-serif;\n}\n    <\/style>\n<ul>\n<li>Distrito Federal<\/li>\n<li>Veracruz, Veracruz<\/li>\n<li>Laredo, Texas<\/li>\n<li>Manzanillo, Colima<\/li>\n<li>Nuevo Laredo, Tamaulipas<\/li>\n<\/ul>\n<\/div>\n<\/div><\/div><\/div><div id=\"pgc-49-1-1\"  class=\"panel-grid-cell\" ><div id=\"panel-49-1-1-0\" class=\"so-panel widget widget_sow-editor panel-first-child panel-last-child\" data-index=\"2\" ><div\n\t\t\t\n\t\t\tclass=\"so-widget-sow-editor so-widget-sow-editor-base\"\n\t\t\t\n\t\t>\n<div class=\"siteorigin-widget-tinymce textwidget\">\n\t<p><img loading=\"lazy\" decoding=\"async\" class=\"alignnone size-medium wp-image-50\" src=\"https:\/\/corporativofenix.net\/agenciaaduanal\/wp-content\/uploads\/2022\/02\/img4-300x285.jpg\" alt=\"\" width=\"300\" height=\"285\" srcset=\"https:\/\/corporativofenix.net\/agenciaaduanal\/wp-content\/uploads\/2022\/02\/img4-300x285.jpg 300w, https:\/\/corporativofenix.net\/agenciaaduanal\/wp-content\/uploads\/2022\/02\/img4.jpg 488w\" sizes=\"auto, (max-width: 300px) 100vw, 300px\" \/><\/p>\n<\/div>\n<\/div><\/div><\/div><\/div><div id=\"pg-49-2\"  class=\"panel-grid panel-no-style\" ><div id=\"pgc-49-2-0\"  class=\"panel-grid-cell\" ><div id=\"panel-49-2-0-0\" class=\"so-panel widget widget_sow-editor panel-first-child panel-last-child\" data-index=\"3\" ><div\n\t\t\t\n\t\t\tclass=\"so-widget-sow-editor so-widget-sow-editor-base\"\n\t\t\t\n\t\t><h3 class=\"widget-title\"><span class=\"widget-title__inline\">Oficinas<\/span><\/h3>\n<div class=\"siteorigin-widget-tinymce textwidget\">\n\t<\/div>\n<\/div><\/div><\/div><\/div><div id=\"pg-49-3\"  class=\"panel-grid panel-no-style\" ><div id=\"pgc-49-3-0\"  class=\"panel-grid-cell\" ><div id=\"panel-49-3-0-0\" class=\"so-panel widget widget_pw_person_profile widget-person-profile panel-first-child panel-last-child\" data-index=\"4\" >\n\t<div class=\"card  person-profile\">\n\t\t\t\t<div class=\"card-block  person-profile__container\">\n\t\t\t\t\t\t<div class=\"person-profile__content\">\n\t\t\t\t\t\t\t\t<h4 class=\"card-title  person-profile__name\">ADUANA INTERIOR CIUDAD DE MEXICO (OFICINA MATRIZ)<\/h4>\n\t\t\t\t<p class=\"card-text  person-profile__description\">Tel. 5552081184<\/p>\n\t\t\t<\/div>\n\t\t<\/div>\n\t<\/div>\n\n<\/div><\/div><div id=\"pgc-49-3-1\"  class=\"panel-grid-cell\" ><div id=\"panel-49-3-1-0\" class=\"so-panel widget widget_pw_person_profile widget-person-profile panel-first-child panel-last-child\" data-index=\"5\" >\n\t<div class=\"card  person-profile\">\n\t\t\t\t<div class=\"card-block  person-profile__container\">\n\t\t\t\t\t\t<div class=\"person-profile__content\">\n\t\t\t\t\t\t\t\t<h4 class=\"card-title  person-profile__name\">ADUANA DEL AEROPUERTO INTERNACIONAL DE LA CIUDAD DE M\u00c9XICO<\/h4>\n\t\t\t\t<p class=\"card-text  person-profile__description\">Tel. 5526433797<\/p>\n\t\t\t<\/div>\n\t\t<\/div>\n\t<\/div>\n\n<\/div><\/div><\/div><div id=\"pg-49-4\"  class=\"panel-grid panel-no-style\" ><div id=\"pgc-49-4-0\"  class=\"panel-grid-cell\" ><div id=\"panel-49-4-0-0\" class=\"so-panel widget widget_pw_person_profile widget-person-profile panel-first-child panel-last-child\" data-index=\"6\" >\n\t<div class=\"card  person-profile\">\n\t\t\t\t<div class=\"card-block  person-profile__container\">\n\t\t\t\t\t\t<div class=\"person-profile__content\">\n\t\t\t\t\t\t\t\t<h4 class=\"card-title  person-profile__name\">ADUANA DE MANZANILLO, COL.<\/h4>\n\t\t\t\t<p class=\"card-text  person-profile__description\">Tel. (314) 3326438<\/p>\n\t\t\t<\/div>\n\t\t<\/div>\n\t<\/div>\n\n<\/div><\/div><div id=\"pgc-49-4-1\"  class=\"panel-grid-cell\" ><div id=\"panel-49-4-1-0\" class=\"so-panel widget widget_pw_person_profile widget-person-profile panel-first-child panel-last-child\" data-index=\"7\" >\n\t<div class=\"card  person-profile\">\n\t\t\t\t<div class=\"card-block  person-profile__container\">\n\t\t\t\t\t\t<div class=\"person-profile__content\">\n\t\t\t\t\t\t\t\t<h4 class=\"card-title  person-profile__name\">ADUANA DE VERACRUZ, VER.<\/h4>\n\t\t\t\t<p class=\"card-text  person-profile__description\">Tel. (2299) 329441<\/p>\n\t\t\t<\/div>\n\t\t<\/div>\n\t<\/div>\n\n<\/div><\/div><\/div><div id=\"pg-49-5\"  class=\"panel-grid panel-no-style\" ><div id=\"pgc-49-5-0\"  class=\"panel-grid-cell\" ><div id=\"panel-49-5-0-0\" class=\"so-panel widget widget_pw_person_profile widget-person-profile panel-first-child panel-last-child\" data-index=\"8\" >\n\t<div class=\"card  person-profile\">\n\t\t\t\t<div class=\"card-block  person-profile__container\">\n\t\t\t\t\t\t<div class=\"person-profile__content\">\n\t\t\t\t\t\t\t\t<h4 class=\"card-title  person-profile__name\">ADUANA DE NUEVO LAREDO, TAMPS. FENIX FORWARDING, INC.<\/h4>\n\t\t\t\t<p class=\"card-text  person-profile__description\">Tel. (956) 7250291<\/p>\n\t\t\t<\/div>\n\t\t<\/div>\n\t<\/div>\n\n<\/div><\/div><\/div><\/div>","protected":false},"excerpt":{"rendered":"<p>Nuestras oficinas ofrecen diferentes servicios especializados, de acuerdo a\u00a0las necesidades de nuestros clientes. Estas oficinas cuentan con el equipo y soporte t\u00e9cnico necesarios, para estar en continua comunicaci\u00f3n con las diferentes asociaciones de Agentes Aduanales del pa\u00eds, lo que nos permite dar a conocer a nuestros clientes de manera inmediata las actualizaciones en materia de &hellip;<\/p>\n","protected":false},"author":1,"featured_media":0,"parent":0,"menu_order":0,"comment_status":"closed","ping_status":"closed","template":"","meta":{"_acf_changed":false,"footnotes":""},"class_list":["post-49","page","type-page","status-publish","hentry"],"acf":[],"_links":{"self":[{"href":"https:\/\/corporativofenix.net\/agenciaaduanal\/wp-json\/wp\/v2\/pages\/49","targetHints":{"allow":["GET"]}}],"collection":[{"href":"https:\/\/corporativofenix.net\/agenciaaduanal\/wp-json\/wp\/v2\/pages"}],"about":[{"href":"https:\/\/corporativofenix.net\/agenciaaduanal\/wp-json\/wp\/v2\/types\/page"}],"author":[{"embeddable":true,"href":"https:\/\/corporativofenix.net\/agenciaaduanal\/wp-json\/wp\/v2\/users\/1"}],"replies":[{"embeddable":true,"href":"https:\/\/corporativofenix.net\/agenciaaduanal\/wp-json\/wp\/v2\/comments?post=49"}],"version-history":[{"count":13,"href":"https:\/\/corporativofenix.net\/agenciaaduanal\/wp-json\/wp\/v2\/pages\/49\/revisions"}],"predecessor-version":[{"id":260,"href":"https:\/\/corporativofenix.net\/agenciaaduanal\/wp-json\/wp\/v2\/pages\/49\/revisions\/260"}],"wp:attachment":[{"href":"https:\/\/corporativofenix.net\/agenciaaduanal\/wp-json\/wp\/v2\/media?parent=49"}],"curies":[{"name":"wp","href":"https:\/\/api.w.org\/{rel}","templated":true}]}}