{"id":425,"date":"2024-03-20T16:44:07","date_gmt":"2024-03-20T16:44:07","guid":{"rendered":"https:\/\/corporativofenix.net\/agenciaaduanal\/?page_id=425"},"modified":"2024-03-20T16:44:09","modified_gmt":"2024-03-20T16:44:09","slug":"normatividad","status":"publish","type":"page","link":"https:\/\/corporativofenix.net\/agenciaaduanal\/normatividad\/","title":{"rendered":"Normatividad"},"content":{"rendered":"<p><span class=\"BxUVEf ILfuVd\" lang=\"es\"><span class=\"hgKElc\">Las Normas Oficiales Mexicanas <b>establecen medidas para asegurar la calidad, sanidad y armonizaci\u00f3n de los productos y servicios que adquieren las y los consumidores de M\u00e9xico<\/b>. Son la forma en la que se puede verificar su cumplimiento y las autoridades o personas facultadas que lo har\u00e1n.<\/p>\n<p><img decoding=\"async\" class=\"img_curve img-responsive aligncenter\" src=\"https:\/\/www.gob.mx\/cms\/uploads\/action_program\/main_image\/25546\/post_NOMs_benficios-web_banner-interior.jpg\" alt=\"Sabes c\u00f3mo te benefician las Normas Oficiales Mexicanas\" \/><br \/>\n<\/span><\/span><\/p>\n","protected":false},"excerpt":{"rendered":"<p>Las Normas Oficiales Mexicanas establecen medidas para asegurar la calidad, sanidad y armonizaci\u00f3n de los productos y servicios que adquieren las y los consumidores de M\u00e9xico. Son la forma en la que se puede verificar su cumplimiento y las autoridades o personas facultadas que lo har\u00e1n.<\/p>\n","protected":false},"author":1,"featured_media":0,"parent":0,"menu_order":0,"comment_status":"closed","ping_status":"closed","template":"","meta":{"_acf_changed":false,"footnotes":""},"class_list":["post-425","page","type-page","status-publish","hentry"],"acf":[],"_links":{"self":[{"href":"https:\/\/corporativofenix.net\/agenciaaduanal\/wp-json\/wp\/v2\/pages\/425","targetHints":{"allow":["GET"]}}],"collection":[{"href":"https:\/\/corporativofenix.net\/agenciaaduanal\/wp-json\/wp\/v2\/pages"}],"about":[{"href":"https:\/\/corporativofenix.net\/agenciaaduanal\/wp-json\/wp\/v2\/types\/page"}],"author":[{"embeddable":true,"href":"https:\/\/corporativofenix.net\/agenciaaduanal\/wp-json\/wp\/v2\/users\/1"}],"replies":[{"embeddable":true,"href":"https:\/\/corporativofenix.net\/agenciaaduanal\/wp-json\/wp\/v2\/comments?post=425"}],"version-history":[{"count":2,"href":"https:\/\/corporativofenix.net\/agenciaaduanal\/wp-json\/wp\/v2\/pages\/425\/revisions"}],"predecessor-version":[{"id":429,"href":"https:\/\/corporativofenix.net\/agenciaaduanal\/wp-json\/wp\/v2\/pages\/425\/revisions\/429"}],"wp:attachment":[{"href":"https:\/\/corporativofenix.net\/agenciaaduanal\/wp-json\/wp\/v2\/media?parent=425"}],"curies":[{"name":"wp","href":"https:\/\/api.w.org\/{rel}","templated":true}]}}