{"id":38,"date":"2022-02-22T02:09:12","date_gmt":"2022-02-22T02:09:12","guid":{"rendered":"https:\/\/corporativofenix.net\/agenciaaduanal\/?page_id=38"},"modified":"2023-06-22T15:04:17","modified_gmt":"2023-06-22T15:04:17","slug":"transporte","status":"publish","type":"page","link":"https:\/\/corporativofenix.net\/agenciaaduanal\/transporte\/","title":{"rendered":"Transporte"},"content":{"rendered":"<div id=\"pl-38\"  class=\"panel-layout\" ><div id=\"pg-38-0\"  class=\"panel-grid panel-no-style\" ><div id=\"pgc-38-0-0\"  class=\"panel-grid-cell\" ><div id=\"panel-38-0-0-0\" class=\"so-panel widget widget_sow-editor panel-first-child panel-last-child\" data-index=\"0\" ><div\n\t\t\t\n\t\t\tclass=\"so-widget-sow-editor so-widget-sow-editor-base\"\n\t\t\t\n\t\t>\n<div class=\"siteorigin-widget-tinymce textwidget\">\n\t<p>Contamos con unidades propias que nos permiten ofrecerle un servicio m\u00e1s completo que garantiza la entrega de sus mercanc\u00edas de una manera m\u00e1s r\u00e1pida, al excluir intermediarios.<\/p>\n<\/div>\n<\/div><\/div><\/div><\/div><div id=\"pg-38-1\"  class=\"panel-grid panel-no-style\" ><div id=\"pgc-38-1-0\"  class=\"panel-grid-cell\" ><div id=\"panel-38-1-0-0\" class=\"so-panel widget widget_sow-editor panel-first-child panel-last-child\" data-index=\"1\" ><div\n\t\t\t\n\t\t\tclass=\"so-widget-sow-editor so-widget-sow-editor-base\"\n\t\t\t\n\t\t>\n<div class=\"siteorigin-widget-tinymce textwidget\">\n\t<p><strong>Nuestras unidades permiten ofrecerle servicios como:<\/strong><\/p>\n<style type=\"text\/css\">\n.listatiempos li:before { color:#ffab00; content:\"F\"; font-weight: bold; font-style: italic; font-size: larger; padding-right: 10px; }\n.listatiempos ul { list-style-type: none; }\n    <\/style>\n<ul>\n<li> Transportaci\u00f3n terrestre a trav\u00e9s de camionetas de 3.5 toneladas. <\/li>\n<li> Transportaci\u00f3n terrestre de mercanc\u00edas de paqueter\u00eda.<\/li>\n<li> Entregas en el D.F, \u00e1rea metropolitana e interior de la Rep\u00fablica Mexicana.<\/li>\n<\/ul>\n<\/div>\n<\/div><\/div><\/div><div id=\"pgc-38-1-1\"  class=\"panel-grid-cell\" ><div id=\"panel-38-1-1-0\" class=\"so-panel widget widget_sow-editor panel-first-child panel-last-child\" data-index=\"2\" ><div\n\t\t\t\n\t\t\tclass=\"so-widget-sow-editor so-widget-sow-editor-base\"\n\t\t\t\n\t\t>\n<div class=\"siteorigin-widget-tinymce textwidget\">\n\t<p><img loading=\"lazy\" decoding=\"async\" class=\"alignnone size-medium wp-image-420\" src=\"https:\/\/corporativofenix.net\/agenciaaduanal\/wp-content\/uploads\/2023\/06\/Tracto-239x300.jpeg\" alt=\"Imagen Ilustrativa Tractocamion\" width=\"239\" height=\"300\" srcset=\"https:\/\/corporativofenix.net\/agenciaaduanal\/wp-content\/uploads\/2023\/06\/Tracto-239x300.jpeg 239w, https:\/\/corporativofenix.net\/agenciaaduanal\/wp-content\/uploads\/2023\/06\/Tracto.jpeg 359w\" sizes=\"auto, (max-width: 239px) 100vw, 239px\" \/><\/p>\n<p style=\"text-align: left;\"><em>(imagen ilustrativa)<\/em><\/p>\n<\/div>\n<\/div><\/div><\/div><\/div><\/div>","protected":false},"excerpt":{"rendered":"<p>Contamos con unidades propias que nos permiten ofrecerle un servicio m\u00e1s completo que garantiza la entrega de sus mercanc\u00edas de una manera m\u00e1s r\u00e1pida, al excluir intermediarios. Nuestras unidades permiten ofrecerle servicios como: Transportaci\u00f3n terrestre a trav\u00e9s de camionetas de 3.5 toneladas. Transportaci\u00f3n terrestre de mercanc\u00edas de paqueter\u00eda. Entregas en el D.F, \u00e1rea metropolitana e &hellip;<\/p>\n","protected":false},"author":1,"featured_media":0,"parent":0,"menu_order":0,"comment_status":"closed","ping_status":"closed","template":"","meta":{"_acf_changed":false,"footnotes":""},"class_list":["post-38","page","type-page","status-publish","hentry"],"acf":[],"_links":{"self":[{"href":"https:\/\/corporativofenix.net\/agenciaaduanal\/wp-json\/wp\/v2\/pages\/38","targetHints":{"allow":["GET"]}}],"collection":[{"href":"https:\/\/corporativofenix.net\/agenciaaduanal\/wp-json\/wp\/v2\/pages"}],"about":[{"href":"https:\/\/corporativofenix.net\/agenciaaduanal\/wp-json\/wp\/v2\/types\/page"}],"author":[{"embeddable":true,"href":"https:\/\/corporativofenix.net\/agenciaaduanal\/wp-json\/wp\/v2\/users\/1"}],"replies":[{"embeddable":true,"href":"https:\/\/corporativofenix.net\/agenciaaduanal\/wp-json\/wp\/v2\/comments?post=38"}],"version-history":[{"count":8,"href":"https:\/\/corporativofenix.net\/agenciaaduanal\/wp-json\/wp\/v2\/pages\/38\/revisions"}],"predecessor-version":[{"id":421,"href":"https:\/\/corporativofenix.net\/agenciaaduanal\/wp-json\/wp\/v2\/pages\/38\/revisions\/421"}],"wp:attachment":[{"href":"https:\/\/corporativofenix.net\/agenciaaduanal\/wp-json\/wp\/v2\/media?parent=38"}],"curies":[{"name":"wp","href":"https:\/\/api.w.org\/{rel}","templated":true}]}}