{"id":22,"date":"2022-02-22T01:57:57","date_gmt":"2022-02-22T01:57:57","guid":{"rendered":"https:\/\/corporativofenix.net\/agenciaaduanal\/?page_id=22"},"modified":"2022-02-22T03:45:23","modified_gmt":"2022-02-22T03:45:23","slug":"trabaja-en-fenix","status":"publish","type":"page","link":"https:\/\/corporativofenix.net\/agenciaaduanal\/trabaja-en-fenix\/","title":{"rendered":"Trabaja en Fenix"},"content":{"rendered":"<div id=\"pl-22\"  class=\"panel-layout\" ><div id=\"pg-22-0\"  class=\"panel-grid panel-no-style\" ><div id=\"pgc-22-0-0\"  class=\"panel-grid-cell\" ><div id=\"panel-22-0-0-0\" class=\"so-panel widget widget_sow-editor panel-first-child panel-last-child\" data-index=\"0\" ><div\n\t\t\t\n\t\t\tclass=\"so-widget-sow-editor so-widget-sow-editor-base\"\n\t\t\t\n\t\t>\n<div class=\"siteorigin-widget-tinymce textwidget\">\n\t<p>Si tienes una clara orientaci\u00f3n de servicio al cliente y al logro de resultados, no pierdas la oportunidad de trabajar con nosotros.<\/p>\n<p>Te ofrecemos la posibilidad de postularte al cargo que m\u00e1s se ajuste a tus inter\u00e9s\u00a0profesional de manera r\u00e1pida y sencilla, con tan s\u00f3lo enviarnos tu Curr\u00edculum Vitae (C.V.) llenando el siguiente formulario.<\/p>\n<\/div>\n<\/div><\/div><\/div><div id=\"pgc-22-0-1\"  class=\"panel-grid-cell\" ><div id=\"panel-22-0-1-0\" class=\"so-panel widget widget_sow-editor panel-first-child panel-last-child\" data-index=\"1\" ><div\n\t\t\t\n\t\t\tclass=\"so-widget-sow-editor so-widget-sow-editor-base\"\n\t\t\t\n\t\t>\n<div class=\"siteorigin-widget-tinymce textwidget\">\n\t\n<div class=\"wpcf7 no-js\" id=\"wpcf7-f23-o1\" lang=\"es-MX\" dir=\"ltr\" data-wpcf7-id=\"23\">\n<div class=\"screen-reader-response\"><p role=\"status\" aria-live=\"polite\" aria-atomic=\"true\"><\/p> <ul><\/ul><\/div>\n<form action=\"\/agenciaaduanal\/wp-json\/wp\/v2\/pages\/22#wpcf7-f23-o1\" method=\"post\" class=\"wpcf7-form init\" aria-label=\"Formulario de contacto\" enctype=\"multipart\/form-data\" novalidate=\"novalidate\" data-status=\"init\">\n<fieldset class=\"hidden-fields-container\"><input type=\"hidden\" name=\"_wpcf7\" value=\"23\" \/><input type=\"hidden\" name=\"_wpcf7_version\" value=\"6.1.5\" \/><input type=\"hidden\" name=\"_wpcf7_locale\" value=\"es_MX\" \/><input type=\"hidden\" name=\"_wpcf7_unit_tag\" value=\"wpcf7-f23-o1\" \/><input type=\"hidden\" name=\"_wpcf7_container_post\" value=\"0\" \/><input type=\"hidden\" name=\"_wpcf7_posted_data_hash\" value=\"\" \/><input type=\"hidden\" name=\"_wpcf7_recaptcha_response\" value=\"\" \/>\n<\/fieldset>\n<div class=\"row\">\n\t<div class=\"col-xs-12  col-md-6\">\n\t\t<p><span class=\"wpcf7-form-control-wrap\" data-name=\"nombre\"><input size=\"40\" maxlength=\"400\" class=\"wpcf7-form-control wpcf7-text wpcf7-validates-as-required form-control\" aria-required=\"true\" aria-invalid=\"false\" placeholder=\"Nombre\" value=\"\" type=\"text\" name=\"nombre\" \/><\/span>\n\t\t<\/p>\n\t<\/div>\n\t<div class=\"col-xs-12  col-md-6\">\n\t\t<p><span class=\"wpcf7-form-control-wrap\" data-name=\"email\"><input size=\"40\" maxlength=\"400\" class=\"wpcf7-form-control wpcf7-email wpcf7-validates-as-required wpcf7-text wpcf7-validates-as-email form-control\" aria-required=\"true\" aria-invalid=\"false\" placeholder=\"E-mail\" value=\"\" type=\"email\" name=\"email\" \/><\/span>\n\t\t<\/p>\n\t<\/div>\n<\/div>\n<div class=\"row\">\n\t<div class=\"col-xs-12  col-md-6\">\n\t\t<p><span class=\"wpcf7-form-control-wrap\" data-name=\"curp\"><input size=\"40\" maxlength=\"400\" class=\"wpcf7-form-control wpcf7-text wpcf7-validates-as-required form-control\" aria-required=\"true\" aria-invalid=\"false\" placeholder=\"CURP\" value=\"\" type=\"text\" name=\"curp\" \/><\/span>\n\t\t<\/p>\n\t<\/div>\n\t<div class=\"col-xs-12  col-md-6\">\n\t\t<p><span class=\"wpcf7-form-control-wrap\" data-name=\"telefono\"><input size=\"40\" maxlength=\"400\" class=\"wpcf7-form-control wpcf7-text wpcf7-validates-as-required form-control\" aria-required=\"true\" aria-invalid=\"false\" placeholder=\"Tel\u00e9fono\" value=\"\" type=\"text\" name=\"telefono\" \/><\/span>\n\t\t<\/p>\n\t<\/div>\n<\/div>\n<div class=\"row\">\n\t<div class=\"col-xs-12\">\n\t\t<p><span class=\"wpcf7-form-control-wrap\" data-name=\"direccion\"><input size=\"40\" maxlength=\"400\" class=\"wpcf7-form-control wpcf7-text wpcf7-validates-as-required form-control\" aria-required=\"true\" aria-invalid=\"false\" placeholder=\"Direcci\u00f3n\" value=\"\" type=\"text\" name=\"direccion\" \/><\/span>\n\t\t<\/p>\n\t<\/div>\n<\/div>\n<div class=\"row\">\n\t<div class=\"col-xs-12  col-md-6\">\n\t\t<p><span class=\"wpcf7-form-control-wrap\" data-name=\"ciudad\"><input size=\"40\" maxlength=\"400\" class=\"wpcf7-form-control wpcf7-text wpcf7-validates-as-required form-control\" aria-required=\"true\" aria-invalid=\"false\" placeholder=\"Ciudad\" value=\"\" type=\"text\" name=\"ciudad\" \/><\/span>\n\t\t<\/p>\n\t<\/div>\n\t<div class=\"col-xs-12  col-md-6\">\n\t\t<p><span class=\"wpcf7-form-control-wrap\" data-name=\"estado\"><input size=\"40\" maxlength=\"400\" class=\"wpcf7-form-control wpcf7-text wpcf7-validates-as-required form-control\" aria-required=\"true\" aria-invalid=\"false\" placeholder=\"Estado\" value=\"\" type=\"text\" name=\"estado\" \/><\/span>\n\t\t<\/p>\n\t<\/div>\n<\/div>\n<div class=\"row\">\n\t<div class=\"col-xs-12\">\n\t\t<div class=\"wpcf7-notice\">\n\t\t\t<p>\u00c1rea de Inter\u00e9s\n\t\t\t<\/p>\n\t\t<\/div>\n\t\t<p><span class=\"wpcf7-form-control-wrap\" data-name=\"area\"><select class=\"wpcf7-form-control wpcf7-select wpcf7-validates-as-required form-control\" aria-required=\"true\" aria-invalid=\"false\" name=\"area\"><option value=\"\">Por favor, seleccione una opci\u00f3n<\/option><option value=\"Administrativo\">Administrativo<\/option><option value=\"Servicio al Cliente\">Servicio al Cliente<\/option><option value=\"Operativo\">Operativo<\/option><option value=\"-Ejecutivo de cuenta\">-Ejecutivo de cuenta<\/option><option value=\"-Glosador\">-Glosador<\/option><option value=\"-Clasificador\">-Clasificador<\/option><option value=\"-Capturista\">-Capturista<\/option><option value=\"-Jefe de Tr\u00e1fico\">-Jefe de Tr\u00e1fico<\/option><option value=\"-Tramitador\">-Tramitador<\/option><option value=\"-In house\">-In house<\/option><option value=\"Tesorer\u00eda\">Tesorer\u00eda<\/option><option value=\"Contabilidad\">Contabilidad<\/option><option value=\"Jur\u00eddico\">Jur\u00eddico<\/option><option value=\"Gestor\u00eda\">Gestor\u00eda<\/option><option value=\"Otro\">Otro<\/option><\/select><\/span>\n\t\t<\/p>\n\t<\/div>\n<\/div>\n<div class=\"row\">\n\t<div class=\"col-xs-12\">\n\t\t<div class=\"wpcf7-notice\">\n\t\t\t<p>Carga tu CV (Peso m\u00e1ximo: 9 Mb, formatos admitidos: .pdf | .doc | .docx)\n\t\t\t<\/p>\n\t\t<\/div>\n\t\t<p><span class=\"wpcf7-form-control-wrap\" data-name=\"cv\"><input size=\"40\" class=\"wpcf7-form-control wpcf7-file\" accept=\".pdf,.doc,.docx\" aria-invalid=\"false\" type=\"file\" name=\"cv\" \/><\/span>\n\t\t<\/p>\n\t<\/div>\n<\/div>\n<div class=\"row\">\n\t<div class=\"col-xs-12\">\n\t]\n\t<\/div>\n<\/div>\n<div class=\"row\">\n\t<div class=\"col-xs-12\">\n\t\t<p><input class=\"wpcf7-form-control wpcf7-submit has-spinner btn btn-primary\" type=\"submit\" value=\"ENVIAR MI CV\" \/>\n\t\t<\/p>\n\t<\/div>\n<\/div><div class=\"wpcf7-response-output\" aria-hidden=\"true\"><\/div>\n<\/form>\n<\/div>\n\n<\/div>\n<\/div><\/div><\/div><\/div><\/div>","protected":false},"excerpt":{"rendered":"<p>Si tienes una clara orientaci\u00f3n de servicio al cliente y al logro de resultados, no pierdas la oportunidad de trabajar con nosotros. Te ofrecemos la posibilidad de postularte al cargo que m\u00e1s se ajuste a tus inter\u00e9s\u00a0profesional de manera r\u00e1pida y sencilla, con tan s\u00f3lo enviarnos tu Curr\u00edculum Vitae (C.V.) llenando el siguiente formulario.<\/p>\n","protected":false},"author":1,"featured_media":0,"parent":0,"menu_order":0,"comment_status":"closed","ping_status":"closed","template":"","meta":{"_acf_changed":false,"footnotes":""},"class_list":["post-22","page","type-page","status-publish","hentry"],"acf":[],"_links":{"self":[{"href":"https:\/\/corporativofenix.net\/agenciaaduanal\/wp-json\/wp\/v2\/pages\/22","targetHints":{"allow":["GET"]}}],"collection":[{"href":"https:\/\/corporativofenix.net\/agenciaaduanal\/wp-json\/wp\/v2\/pages"}],"about":[{"href":"https:\/\/corporativofenix.net\/agenciaaduanal\/wp-json\/wp\/v2\/types\/page"}],"author":[{"embeddable":true,"href":"https:\/\/corporativofenix.net\/agenciaaduanal\/wp-json\/wp\/v2\/users\/1"}],"replies":[{"embeddable":true,"href":"https:\/\/corporativofenix.net\/agenciaaduanal\/wp-json\/wp\/v2\/comments?post=22"}],"version-history":[{"count":3,"href":"https:\/\/corporativofenix.net\/agenciaaduanal\/wp-json\/wp\/v2\/pages\/22\/revisions"}],"predecessor-version":[{"id":182,"href":"https:\/\/corporativofenix.net\/agenciaaduanal\/wp-json\/wp\/v2\/pages\/22\/revisions\/182"}],"wp:attachment":[{"href":"https:\/\/corporativofenix.net\/agenciaaduanal\/wp-json\/wp\/v2\/media?parent=22"}],"curies":[{"name":"wp","href":"https:\/\/api.w.org\/{rel}","templated":true}]}}