{"id":15,"date":"2022-02-22T01:50:54","date_gmt":"2022-02-22T01:50:54","guid":{"rendered":"https:\/\/corporativofenix.net\/agenciaaduanal\/?page_id=15"},"modified":"2022-02-22T03:44:51","modified_gmt":"2022-02-22T03:44:51","slug":"nosotros","status":"publish","type":"page","link":"https:\/\/corporativofenix.net\/agenciaaduanal\/nosotros\/","title":{"rendered":"Nosotros"},"content":{"rendered":"<div id=\"pl-15\"  class=\"panel-layout\" ><div id=\"pg-15-0\"  class=\"panel-grid panel-no-style\" ><div id=\"pgc-15-0-0\"  class=\"panel-grid-cell\" ><div id=\"panel-15-0-0-0\" class=\"so-panel widget widget_sow-editor panel-first-child panel-last-child\" data-index=\"0\" ><div\n\t\t\t\n\t\t\tclass=\"so-widget-sow-editor so-widget-sow-editor-base\"\n\t\t\t\n\t\t>\n<div class=\"siteorigin-widget-tinymce textwidget\">\n\t<p><img loading=\"lazy\" decoding=\"async\" class=\"alignnone size-full wp-image-16\" src=\"https:\/\/corporativofenix.net\/agenciaaduanal\/wp-content\/uploads\/2022\/02\/icono1.jpg\" alt=\"\" width=\"47\" height=\"51\" \/><\/p>\n<\/div>\n<\/div><\/div><\/div><div id=\"pgc-15-0-1\"  class=\"panel-grid-cell\" ><div id=\"panel-15-0-1-0\" class=\"so-panel widget widget_sow-editor panel-first-child panel-last-child\" data-index=\"1\" ><div\n\t\t\t\n\t\t\tclass=\"so-widget-sow-editor so-widget-sow-editor-base\"\n\t\t\t\n\t\t>\n<div class=\"siteorigin-widget-tinymce textwidget\">\n\t<p><strong>Fenix Servicios Aduanales, S.C.<\/strong>\u00a0es una empresa mexicana que brinda servicios de asesor\u00eda en comercio exterior, apoyo legal, log\u00edstica y despacho aduanal. Es una sociedad civil, con m\u00e1s de 25 a\u00f1os de experiencia, que tiene como \u00fanico objetivo desde su fundaci\u00f3n, dar soluci\u00f3n a las necesidades de sus clientes de manera r\u00e1pida y eficiente.<\/p>\n<p>En\u00a0<strong>Fenix Servicios Aduanales, S.C<\/strong>, sabemos que la incursi\u00f3n en el comercio internacional requiere de un compromiso cada vez m\u00e1s fuerte, para poder enfrentar los retos, es por eso que contamos con una estructura que evoluciona de acuerdo a los tiempos de cambio tan acelerados que hay en la actualidad, ofreci\u00e9ndole un servicio personalizado de an\u00e1lisis, seguimiento y ejecuci\u00f3n de sus operaciones, con el fin de brindarle el mejor servicio.<\/p>\n<p><em>Por todo lo anterior, en F\u00e9nix Servicios Aduanales, S.C estamos seguros que:<\/em><\/p>\n<p><em><strong>\"La diferencia est\u00e1 en el servicio\"<\/strong><\/em><\/p>\n<\/div>\n<\/div><\/div><\/div><\/div><div id=\"pg-15-1\"  class=\"panel-grid panel-no-style\" ><div id=\"pgc-15-1-0\"  class=\"panel-grid-cell\" ><div id=\"panel-15-1-0-0\" class=\"so-panel widget widget_sow-editor panel-first-child panel-last-child\" data-index=\"2\" ><div\n\t\t\t\n\t\t\tclass=\"so-widget-sow-editor so-widget-sow-editor-base\"\n\t\t\t\n\t\t>\n<div class=\"siteorigin-widget-tinymce textwidget\">\n\t<p><img loading=\"lazy\" decoding=\"async\" class=\"alignnone size-full wp-image-19\" src=\"https:\/\/corporativofenix.net\/agenciaaduanal\/wp-content\/uploads\/2022\/02\/icono2.jpg\" alt=\"\" width=\"45\" height=\"42\" \/><\/p>\n<\/div>\n<\/div><\/div><\/div><div id=\"pgc-15-1-1\"  class=\"panel-grid-cell\" ><div id=\"panel-15-1-1-0\" class=\"so-panel widget widget_sow-editor panel-first-child panel-last-child\" data-index=\"3\" ><div\n\t\t\t\n\t\t\tclass=\"so-widget-sow-editor so-widget-sow-editor-base\"\n\t\t\t\n\t\t>\n<div class=\"siteorigin-widget-tinymce textwidget\">\n\t<h4>Misi\u00f3n<\/h4>\n<p>En Fenix Servicios Aduanales, S.C, tenemos como misi\u00f3n brindar un servicio \u00e1gil, integral y eficiente, que enriquezca las operaciones de nuestros clientes, ofreci\u00e9ndoles prontas soluciones a sus necesidades.<\/p>\n<p><b>Principal Objetivo:<\/b><br \/>\nLograr que el cliente comercialice sus productos y mercanc\u00edas en el menor tiempo posible.<\/p>\n<\/div>\n<\/div><\/div><\/div><div id=\"pgc-15-1-2\"  class=\"panel-grid-cell\" ><div id=\"panel-15-1-2-0\" class=\"so-panel widget widget_sow-editor panel-first-child panel-last-child\" data-index=\"4\" ><div\n\t\t\t\n\t\t\tclass=\"so-widget-sow-editor so-widget-sow-editor-base\"\n\t\t\t\n\t\t>\n<div class=\"siteorigin-widget-tinymce textwidget\">\n\t<p><img loading=\"lazy\" decoding=\"async\" class=\"alignnone size-full wp-image-19\" src=\"https:\/\/corporativofenix.net\/agenciaaduanal\/wp-content\/uploads\/2022\/02\/icono2.jpg\" alt=\"\" width=\"45\" height=\"42\" \/><\/p>\n<\/div>\n<\/div><\/div><\/div><div id=\"pgc-15-1-3\"  class=\"panel-grid-cell\" ><div id=\"panel-15-1-3-0\" class=\"so-panel widget widget_sow-editor panel-first-child panel-last-child\" data-index=\"5\" ><div\n\t\t\t\n\t\t\tclass=\"so-widget-sow-editor so-widget-sow-editor-base\"\n\t\t\t\n\t\t>\n<div class=\"siteorigin-widget-tinymce textwidget\">\n\t<h4>Visi\u00f3n<\/h4>\n<p>Convertimos en una agencia aduanal l\u00edder, cultivando valores dentro de nuestro equipo de trabajo, que permitan generar la confianza y preferencia de nuestros clientes.<\/p>\n<\/div>\n<\/div><\/div><\/div><div id=\"pgc-15-1-4\"  class=\"panel-grid-cell\" ><div id=\"panel-15-1-4-0\" class=\"so-panel widget widget_sow-editor panel-first-child panel-last-child\" data-index=\"6\" ><div\n\t\t\t\n\t\t\tclass=\"so-widget-sow-editor so-widget-sow-editor-base\"\n\t\t\t\n\t\t>\n<div class=\"siteorigin-widget-tinymce textwidget\">\n\t<p><img loading=\"lazy\" decoding=\"async\" class=\"alignnone size-full wp-image-19\" src=\"https:\/\/corporativofenix.net\/agenciaaduanal\/wp-content\/uploads\/2022\/02\/icono2.jpg\" alt=\"\" width=\"45\" height=\"42\" \/><\/p>\n<\/div>\n<\/div><\/div><\/div><div id=\"pgc-15-1-5\"  class=\"panel-grid-cell\" ><div id=\"panel-15-1-5-0\" class=\"so-panel widget widget_sow-editor panel-first-child panel-last-child\" data-index=\"7\" ><div\n\t\t\t\n\t\t\tclass=\"so-widget-sow-editor so-widget-sow-editor-base\"\n\t\t\t\n\t\t>\n<div class=\"siteorigin-widget-tinymce textwidget\">\n\t<h4>Valores<\/h4>\n<ul>\n<li>Responsabilidad y Deber<\/li>\n<li>Honestidad<\/li>\n<li>Compromiso<\/li>\n<li>Integridad<\/li>\n<li>Respeto<\/li>\n<li>Lealtad<\/li>\n<\/ul>\n<\/div>\n<\/div><\/div><\/div><\/div><\/div>","protected":false},"excerpt":{"rendered":"<p>Fenix Servicios Aduanales, S.C.\u00a0es una empresa mexicana que brinda servicios de asesor\u00eda en comercio exterior, apoyo legal, log\u00edstica y despacho aduanal. Es una sociedad civil, con m\u00e1s de 25 a\u00f1os de experiencia, que tiene como \u00fanico objetivo desde su fundaci\u00f3n, dar soluci\u00f3n a las necesidades de sus clientes de manera r\u00e1pida y eficiente. En\u00a0Fenix Servicios &hellip;<\/p>\n","protected":false},"author":1,"featured_media":0,"parent":0,"menu_order":0,"comment_status":"closed","ping_status":"closed","template":"","meta":{"_acf_changed":false,"footnotes":""},"class_list":["post-15","page","type-page","status-publish","hentry"],"acf":[],"_links":{"self":[{"href":"https:\/\/corporativofenix.net\/agenciaaduanal\/wp-json\/wp\/v2\/pages\/15","targetHints":{"allow":["GET"]}}],"collection":[{"href":"https:\/\/corporativofenix.net\/agenciaaduanal\/wp-json\/wp\/v2\/pages"}],"about":[{"href":"https:\/\/corporativofenix.net\/agenciaaduanal\/wp-json\/wp\/v2\/types\/page"}],"author":[{"embeddable":true,"href":"https:\/\/corporativofenix.net\/agenciaaduanal\/wp-json\/wp\/v2\/users\/1"}],"replies":[{"embeddable":true,"href":"https:\/\/corporativofenix.net\/agenciaaduanal\/wp-json\/wp\/v2\/comments?post=15"}],"version-history":[{"count":7,"href":"https:\/\/corporativofenix.net\/agenciaaduanal\/wp-json\/wp\/v2\/pages\/15\/revisions"}],"predecessor-version":[{"id":242,"href":"https:\/\/corporativofenix.net\/agenciaaduanal\/wp-json\/wp\/v2\/pages\/15\/revisions\/242"}],"wp:attachment":[{"href":"https:\/\/corporativofenix.net\/agenciaaduanal\/wp-json\/wp\/v2\/media?parent=15"}],"curies":[{"name":"wp","href":"https:\/\/api.w.org\/{rel}","templated":true}]}}