{"id":120,"date":"2022-02-22T03:11:47","date_gmt":"2022-02-22T03:11:47","guid":{"rendered":"https:\/\/corporativofenix.net\/agenciaaduanal\/?page_id=120"},"modified":"2025-05-04T22:06:11","modified_gmt":"2025-05-04T22:06:11","slug":"servicios","status":"publish","type":"page","link":"https:\/\/corporativofenix.net\/agenciaaduanal\/","title":{"rendered":"Nuestros Servicios"},"content":{"rendered":"<div id=\"pl-120\"  class=\"panel-layout\" ><div id=\"pg-120-0\"  class=\"panel-grid panel-no-style\" ><div id=\"pgc-120-0-0\"  class=\"panel-grid-cell\" ><div id=\"panel-120-0-0-0\" class=\"so-panel widget widget_sow-editor panel-first-child panel-last-child\" data-index=\"0\" ><div\n\t\t\t\n\t\t\tclass=\"so-widget-sow-editor so-widget-sow-editor-base\"\n\t\t\t\n\t\t>\n<div class=\"siteorigin-widget-tinymce textwidget\">\n\t<h5 style=\"text-align: center;\"><\/h5>\n<h5 style=\"text-align: center;\"><\/h5>\n<h5 style=\"text-align: center;\"><\/h5>\n<p><\/p>\n<h5 style=\"text-align: center;\"><span style=\"color: #edac15;\"><img loading=\"lazy\" decoding=\"async\" class=\"alignnone wp-image-126 \" src=\"https:\/\/corporativofenix.net\/agenciaaduanal\/wp-content\/uploads\/2022\/02\/icono3.jpg\" alt=\"\" width=\"95\" height=\"70\" \/><\/span><\/h5>\n<p><\/p>\n<h4 style=\"text-align: center;\">Despacho Aduanal<\/h4>\n<p style=\"text-align: center;\">Somos expertos en las operaciones de comercio exterior.<\/p>\n<\/div>\n<\/div><\/div><\/div><div id=\"pgc-120-0-1\"  class=\"panel-grid-cell\" ><div id=\"panel-120-0-1-0\" class=\"so-panel widget widget_sow-editor panel-first-child panel-last-child\" data-index=\"1\" ><div\n\t\t\t\n\t\t\tclass=\"so-widget-sow-editor so-widget-sow-editor-base\"\n\t\t\t\n\t\t>\n<div class=\"siteorigin-widget-tinymce textwidget\">\n\t<h5 style=\"text-align: center\">\n<span style=\"color: #edac15;\"><br \/>\n<span class=\"icon-container\"><br \/>\n<span class=\"fa fa-cubes fa-3x\"><br \/>\n<\/span><br \/>\n<\/span><br \/>\n<\/span><br \/>\n<\/h5>\n<h4 style=\"text-align: center\">Log\u00edstica Internacional<\/h4>\n<p style=\"text-align: center\">Servicio de puerta a puerta terrestre, a\u00e9reo y mar\u00edtimo.<\/p>\n<\/div>\n<\/div><\/div><\/div><div id=\"pgc-120-0-2\"  class=\"panel-grid-cell\" ><div id=\"panel-120-0-2-0\" class=\"so-panel widget widget_sow-editor panel-first-child panel-last-child\" data-index=\"2\" ><div\n\t\t\t\n\t\t\tclass=\"so-widget-sow-editor so-widget-sow-editor-base\"\n\t\t\t\n\t\t>\n<div class=\"siteorigin-widget-tinymce textwidget\">\n\t<h5 style=\"text-align: center\">\n<span style=\"color: #edac15;\"><br \/>\n<span class=\"icon-container\"><br \/>\n<span class=\"fa fa-archive fa-3x\"><br \/>\n<\/span><br \/>\n<\/span><br \/>\n<\/span><br \/>\n<\/h5>\n<h4 style=\"text-align: center\">Almac\u00e9n en Laredo, Texas para Distribuci\u00f3n<\/h4>\n<p style=\"text-align: center\">45,000 pies cuadrados disponibles para almacenar toda su mercanc\u00eda.<\/p>\n<\/div>\n<\/div><\/div><\/div><\/div><div id=\"pg-120-1\"  class=\"panel-grid panel-no-style\" ><div id=\"pgc-120-1-0\"  class=\"panel-grid-cell\" ><div id=\"panel-120-1-0-0\" class=\"so-panel widget widget_sow-button panel-first-child panel-last-child\" data-index=\"3\" ><div\n\t\t\t\n\t\t\tclass=\"so-widget-sow-button so-widget-sow-button-atom-ca09ad9c11d1-120\"\n\t\t\t\n\t\t><div class=\"ow-button-base ow-button-align-center\"\n>\n\t\t\t<a\n\t\t\t\t\thref=\"\/agenciaaduanal\/materia-aduanera\/\"\n\t\t\t\t\tclass=\"sowb-button ow-icon-placement-left ow-button-hover\" \t>\n\t\t<span>\n\t\t\t\n\t\t\tVer M\u00e1s\t\t<\/span>\n\t\t\t<\/a>\n\t<\/div>\n<\/div><\/div><\/div><div id=\"pgc-120-1-1\"  class=\"panel-grid-cell\" ><div id=\"panel-120-1-1-0\" class=\"so-panel widget widget_sow-button panel-first-child panel-last-child\" data-index=\"4\" ><div\n\t\t\t\n\t\t\tclass=\"so-widget-sow-button so-widget-sow-button-atom-ca09ad9c11d1-120\"\n\t\t\t\n\t\t><div class=\"ow-button-base ow-button-align-center\"\n>\n\t\t\t<a\n\t\t\t\t\thref=\"\/agenciaaduanal\/transporte\"\n\t\t\t\t\tclass=\"sowb-button ow-icon-placement-left ow-button-hover\" \t>\n\t\t<span>\n\t\t\t\n\t\t\tVer M\u00e1s\t\t<\/span>\n\t\t\t<\/a>\n\t<\/div>\n<\/div><\/div><\/div><div id=\"pgc-120-1-2\"  class=\"panel-grid-cell\" ><div id=\"panel-120-1-2-0\" class=\"so-panel widget widget_sow-button panel-first-child panel-last-child\" data-index=\"5\" ><div\n\t\t\t\n\t\t\tclass=\"so-widget-sow-button so-widget-sow-button-atom-ca09ad9c11d1-120\"\n\t\t\t\n\t\t><div class=\"ow-button-base ow-button-align-center\"\n>\n\t\t\t<a\n\t\t\t\t\thref=\"\/agenciaaduanal\/almacenaje\"\n\t\t\t\t\tclass=\"sowb-button ow-icon-placement-left ow-button-hover\" \t>\n\t\t<span>\n\t\t\t\n\t\t\tVer M\u00e1s\t\t<\/span>\n\t\t\t<\/a>\n\t<\/div>\n<\/div><\/div><\/div><\/div><div id=\"pg-120-2\"  class=\"panel-grid panel-has-style\" ><div class=\"siteorigin-panels-stretch panel-row-style panel-row-style-for-120-2\" data-stretch-type=\"full\" ><div id=\"pgc-120-2-0\"  class=\"panel-grid-cell\" ><div id=\"panel-120-2-0-0\" class=\"so-panel widget widget_pw_call_to_action widget-call-to-action panel-first-child panel-last-child\" data-index=\"6\" ><div class=\"panel-widget-style panel-widget-style-for-120-2-0-0\" >\t\t\t\t<div class=\"call-to-action\">\n\t\t\t\t\t<div class=\"call-to-action__text\">\n\t\t\t\t\t\t<h4 class=\"call-to-action__title\">\n\t\t\t\t\t\t\tConoce m\u00e1s sobre nuestros servicios\t\t\t\t\t\t<\/h4>\n\t\t\t\t\t\t\t\t\t\t\t\t<p class=\"call-to-action__subtitle\">\n\t\t\t\t\t\t\tLl\u00e1menos o escr\u00edbanos. Estamos para servirle.\t\t\t\t\t\t<\/p>\n\t\t\t\t\t\t\t\t\t\t\t<\/div>\n\t\t\t\t\t<div class=\"call-to-action__button\">\n\t\t\t\t\t\t<a class=\"btn  btn-primary\" href=\"\/agenciaaduanal\/contacto\/\" target=\"_blank\"> CONT\u00c1CTANOS<\/a>\t\t\t\t\t<\/div>\n\t\t\t\t<\/div>\n\t\t\t<\/div><\/div><\/div><\/div><\/div><div id=\"pg-120-3\"  class=\"panel-grid panel-has-style\" ><div class=\"siteorigin-panels-stretch panel-row-style panel-row-style-for-120-3\" data-stretch-type=\"full\" ><div id=\"pgc-120-3-0\"  class=\"panel-grid-cell\" ><div id=\"panel-120-3-0-0\" class=\"so-panel widget widget_sow-editor panel-first-child panel-last-child\" data-index=\"7\" ><div class=\"panel-widget-style panel-widget-style-for-120-3-0-0\" ><div\n\t\t\t\n\t\t\tclass=\"so-widget-sow-editor so-widget-sow-editor-base\"\n\t\t\t\n\t\t>\n<div class=\"siteorigin-widget-tinymce textwidget\">\n\t<h3 style=\"margin-bottom: 0px;\"><span style=\"color: #ffffff; text-shadow: 0 1px rgba(0, 0, 0, 0.15);\">Fe<\/span><span style=\"color: #ffffff; text-shadow: 0 1px rgba(0, 0, 0, 0.15);\">nix Blog<\/span><\/h3>\n<\/div>\n<\/div><\/div><\/div><\/div><\/div><\/div><div id=\"pg-120-4\"  class=\"panel-grid panel-has-style\" ><div class=\"siteorigin-panels-stretch panel-row-style panel-row-style-for-120-4\" data-stretch-type=\"full\" ><div id=\"pgc-120-4-0\"  class=\"panel-grid-cell\" ><div id=\"panel-120-4-0-0\" class=\"so-panel widget widget_pw_latest_news widget-latest-news panel-first-child panel-last-child\" data-index=\"8\" >\n\t\t\t\t\t\t<div class=\"card  latest-news  latest-news--block\">\n\t\t\t\t\t\t\t\t\t<a href=\"https:\/\/corporativofenix.net\/agenciaaduanal\/2022\/03\/01\/tendencias-del-comercio-exterior-en-el-mundo\/\" class=\"latest-news__image\">\n\t\t\t\t\t\t<img loading=\"lazy\" decoding=\"async\" src=\"https:\/\/corporativofenix.net\/agenciaaduanal\/wp-content\/uploads\/2022\/03\/0225-360x204.png\" width=\"360\" height=\"204\" srcset=\"https:\/\/corporativofenix.net\/agenciaaduanal\/wp-content\/uploads\/2022\/03\/0225-360x204.png 360w, https:\/\/corporativofenix.net\/agenciaaduanal\/wp-content\/uploads\/2022\/03\/0225.png 900w\" sizes=\"auto, (min-width: 1200px) 350px, (min-width: 992px) 284px, (min-width: 768px) 692px, calc(100vw - 30px)\" class=\"card-img-top  wp-post-image\" alt=\"Tendencias del comercio exterior en el mundo\">\n\t\t\t\t\t<\/a>\n\t\t\t\t\n\t\t\t\t<div class=\"card-block  latest-news__content\">\n\t\t\t\t\t<time class=\"latest-news__date\" datetime=\"2022-03-01T04:58:22+00:00\">1 marzo, 2022<\/time>\n\t\t\t\t\t<h4 class=\"card-title  latest-news__title\"><a href=\"https:\/\/corporativofenix.net\/agenciaaduanal\/2022\/03\/01\/tendencias-del-comercio-exterior-en-el-mundo\/\">Tendencias del comercio exterior en el mundo<\/a><\/h4>\n\t\t\t\t\t<div class=\"card-text  latest-news__text\">\n\t\t\t\t\tEn el cuarto trimestre de 2021, el comercio exterior de bienes aument\u00f3 con m\u00e1s fuerza en los pa\u00edses en desarrollo que en los desarrollados, indic\u00f3 la Conferencia de Naciones Unidas sobre Comercio y Desarrollo (UNCTAD). Las exportaciones de los pa\u00edses en desarrollo en el cuarto trimestre de 2021 fueron aproximadamente 30% m\u00e1s altas que en &hellip;\t\t\t\t\t<\/div>\n\t\t\t\t<\/div>\n\t\t\t<\/div>\n\t\t\t\t\t\n<\/div><\/div><div id=\"pgc-120-4-1\"  class=\"panel-grid-cell\" ><div id=\"panel-120-4-1-0\" class=\"so-panel widget widget_pw_latest_news widget-latest-news panel-first-child panel-last-child\" data-index=\"9\" >\n\t\t\t\t\t\t<div class=\"card  latest-news  latest-news--block\">\n\t\t\t\t\t\t\t\t\t<a href=\"https:\/\/corporativofenix.net\/agenciaaduanal\/2022\/02\/22\/diario-oficial-de-la-federacion-tabla-de-equivalencia-de-monedas-abril-2017\/\" class=\"latest-news__image\">\n\t\t\t\t\t\t<img loading=\"lazy\" decoding=\"async\" src=\"https:\/\/corporativofenix.net\/agenciaaduanal\/wp-content\/uploads\/2022\/02\/dolar-dinero-cambio-360x204.jpg\" width=\"360\" height=\"204\" srcset=\"https:\/\/corporativofenix.net\/agenciaaduanal\/wp-content\/uploads\/2022\/02\/dolar-dinero-cambio-360x204.jpg 360w, https:\/\/corporativofenix.net\/agenciaaduanal\/wp-content\/uploads\/2022\/02\/dolar-dinero-cambio.jpg 1200w\" sizes=\"auto, (min-width: 1200px) 350px, (min-width: 992px) 284px, (min-width: 768px) 692px, calc(100vw - 30px)\" class=\"card-img-top  wp-post-image\" alt=\"Diario Oficial de la Federaci\u00f3n: Tabla de equivalencia de monedas \u2013 Abril 2017\">\n\t\t\t\t\t<\/a>\n\t\t\t\t\n\t\t\t\t<div class=\"card-block  latest-news__content\">\n\t\t\t\t\t<time class=\"latest-news__date\" datetime=\"2022-02-22T02:50:48+00:00\">22 febrero, 2022<\/time>\n\t\t\t\t\t<h4 class=\"card-title  latest-news__title\"><a href=\"https:\/\/corporativofenix.net\/agenciaaduanal\/2022\/02\/22\/diario-oficial-de-la-federacion-tabla-de-equivalencia-de-monedas-abril-2017\/\">Diario Oficial de la Federaci\u00f3n: Tabla de equivalencia de monedas \u2013 Abril 2017<\/a><\/h4>\n\t\t\t\t\t<div class=\"card-text  latest-news__text\">\n\t\t\t\t\tPor medio de la presente, hacemos de su conocimiento que el 8 de mayo de 2017 el Banco de M\u00e9xico public\u00f3 en el Diario Oficial de la Federaci\u00f3n la\u00a0equivalencia\u00a0de las monedas de diversos pa\u00edses con el d\u00f3lar de los Estados Unidos de Am\u00e9rica, correspondiente al mes de abril de 2017. Descargue el documento con la &hellip;\t\t\t\t\t<\/div>\n\t\t\t\t<\/div>\n\t\t\t<\/div>\n\t\t\t\t\t\n<\/div><\/div><div id=\"pgc-120-4-2\"  class=\"panel-grid-cell\" ><div id=\"panel-120-4-2-0\" class=\"so-panel widget widget_pw_latest_news widget-latest-news panel-first-child panel-last-child\" data-index=\"10\" >\n\t\t\t<div class=\"latest-news__container\">\n\t\t\t\t\t\t\t<a href=\"https:\/\/corporativofenix.net\/agenciaaduanal\/2022\/02\/22\/conozca-todo-sobre-los-terminos-de-venta-en-el-comercio-exterior\/\" class=\"card  latest-news  latest-news--inline\">\n\t\t\t\t\t<div class=\"card-block  latest-news__content\">\n\t\t\t\t\t\t<h4 class=\"card-title  latest-news__title\">Conozca todo sobre los t\u00e9rminos de venta en el comercio exterior<\/h4>\n\t\t\t\t\t\t\t<time class=\"latest-news__date\" datetime=\"2022-02-22T02:49:19+00:00\">\n\t\t\t\t\t\t\t\t22 febrero, 2022\t\t\t\t\t\t\t<\/time>\n\t\t\t\t\t<\/div>\n\t\t\t\t<\/a>\n\t\t\t\t\t\t\t<a href=\"https:\/\/corporativofenix.net\/agenciaaduanal\/2022\/02\/22\/tokio-mexico-promueve-su-relacion-de-negocios-con-japon\/\" class=\"card  latest-news  latest-news--inline\">\n\t\t\t\t\t<div class=\"card-block  latest-news__content\">\n\t\t\t\t\t\t<h4 class=\"card-title  latest-news__title\">Tokio: M\u00e9xico promueve su relaci\u00f3n de negocios con Jap\u00f3n<\/h4>\n\t\t\t\t\t\t\t<time class=\"latest-news__date\" datetime=\"2022-02-22T02:47:25+00:00\">\n\t\t\t\t\t\t\t\t22 febrero, 2022\t\t\t\t\t\t\t<\/time>\n\t\t\t\t\t<\/div>\n\t\t\t\t<\/a>\n\t\t\t\t\t\t\t<a href=\"https:\/\/corporativofenix.net\/agenciaaduanal\/2022\/02\/22\/exportacion-de-autos-de-mexico-sube-10-en-valor\/\" class=\"card  latest-news  latest-news--inline\">\n\t\t\t\t\t<div class=\"card-block  latest-news__content\">\n\t\t\t\t\t\t<h4 class=\"card-title  latest-news__title\">Exportaci\u00f3n de autos de M\u00e9xico sube 10% en valor<\/h4>\n\t\t\t\t\t\t\t<time class=\"latest-news__date\" datetime=\"2022-02-22T02:46:41+00:00\">\n\t\t\t\t\t\t\t\t22 febrero, 2022\t\t\t\t\t\t\t<\/time>\n\t\t\t\t\t<\/div>\n\t\t\t\t<\/a>\n\t\t\t\n\t\t\t\t\t\t\t<a href=\"https:\/\/corporativofenix.net\/agenciaaduanal\/blog\/\" class=\"card-block  latest-news  latest-news--more-news\">\n\t\t\t\t\tVer M\u00e1s -&gt;\t\t\t\t<\/a>\n\t\t\t\t\t<\/div>\n\t\n<\/div><\/div><\/div><\/div><div id=\"pg-120-5\"  class=\"panel-grid panel-has-style\" ><div class=\"panel-row-style panel-row-style-for-120-5\" ><div id=\"pgc-120-5-0\"  class=\"panel-grid-cell\" ><div id=\"panel-120-5-0-0\" class=\"so-panel widget widget_pw_call_to_action widget-call-to-action panel-first-child panel-last-child\" data-index=\"11\" >\t\t\t\t<div class=\"call-to-action\">\n\t\t\t\t\t<div class=\"call-to-action__text\">\n\t\t\t\t\t\t<h4 class=\"call-to-action__title\">\n\t\t\t\t\t\t\tLooking for a serious Custom Broker in Mexico?\t\t\t\t\t\t<\/h4>\n\t\t\t\t\t\t\t\t\t\t\t\t<p class=\"call-to-action__subtitle\">\n\t\t\t\t\t\t\tWe take care of Customs for you while you only focus on selling your product even if you don\u2019t have a company in Mexico.\t\t\t\t\t\t<\/p>\n\t\t\t\t\t\t\t\t\t\t\t<\/div>\n\t\t\t\t\t<div class=\"call-to-action__button\">\n\t\t\t\t\t\t<a class=\"btn  btn-primary\" href=\"\/agenciaaduanal\/en\/contact-us\/\" target=\"_self\"> CONTACT US NOW<\/a>\t\t\t\t\t<\/div>\n\t\t\t\t<\/div>\n\t\t\t<\/div><\/div><\/div><\/div><\/div>","protected":false},"excerpt":{"rendered":"<p>Despacho Aduanal Somos expertos en las operaciones de comercio exterior. Log\u00edstica Internacional Servicio de puerta a puerta terrestre, a\u00e9reo y mar\u00edtimo. Almac\u00e9n en Laredo, Texas para Distribuci\u00f3n 45,000 pies cuadrados disponibles para almacenar toda su mercanc\u00eda.<\/p>\n","protected":false},"author":1,"featured_media":0,"parent":0,"menu_order":0,"comment_status":"closed","ping_status":"closed","template":"","meta":{"_acf_changed":false,"footnotes":""},"class_list":["post-120","page","type-page","status-publish","hentry"],"acf":[],"_links":{"self":[{"href":"https:\/\/corporativofenix.net\/agenciaaduanal\/wp-json\/wp\/v2\/pages\/120","targetHints":{"allow":["GET"]}}],"collection":[{"href":"https:\/\/corporativofenix.net\/agenciaaduanal\/wp-json\/wp\/v2\/pages"}],"about":[{"href":"https:\/\/corporativofenix.net\/agenciaaduanal\/wp-json\/wp\/v2\/types\/page"}],"author":[{"embeddable":true,"href":"https:\/\/corporativofenix.net\/agenciaaduanal\/wp-json\/wp\/v2\/users\/1"}],"replies":[{"embeddable":true,"href":"https:\/\/corporativofenix.net\/agenciaaduanal\/wp-json\/wp\/v2\/comments?post=120"}],"version-history":[{"count":66,"href":"https:\/\/corporativofenix.net\/agenciaaduanal\/wp-json\/wp\/v2\/pages\/120\/revisions"}],"predecessor-version":[{"id":185,"href":"https:\/\/corporativofenix.net\/agenciaaduanal\/wp-json\/wp\/v2\/pages\/120\/revisions\/185"}],"wp:attachment":[{"href":"https:\/\/corporativofenix.net\/agenciaaduanal\/wp-json\/wp\/v2\/media?parent=120"}],"curies":[{"name":"wp","href":"https:\/\/api.w.org\/{rel}","templated":true}]}}